{"id":791,"date":"2020-11-17T11:17:46","date_gmt":"2020-11-17T11:17:46","guid":{"rendered":"https:\/\/elektrotechnik-haberl.at\/index.php\/versand__lieferung\/"},"modified":"2021-01-14T12:17:49","modified_gmt":"2021-01-14T12:17:49","slug":"versand__lieferung","status":"publish","type":"page","link":"https:\/\/elektrotechnik-haberl.at\/index.php\/versand__lieferung\/","title":{"rendered":"Versand &#038; Lieferung"},"content":{"rendered":"\t\t<div data-elementor-type=\"wp-page\" data-elementor-id=\"791\" class=\"elementor elementor-791\" data-elementor-post-type=\"page\">\n\t\t\t\t\t\t<section class=\"elementor-section elementor-top-section elementor-element elementor-element-1057737d elementor-section-boxed elementor-section-height-default elementor-section-height-default\" data-id=\"1057737d\" data-element_type=\"section\">\n\t\t\t\t\t\t<div class=\"elementor-container elementor-column-gap-default\">\n\t\t\t\t\t<div class=\"elementor-column elementor-col-100 elementor-top-column elementor-element elementor-element-323657a\" data-id=\"323657a\" data-element_type=\"column\">\n\t\t\t<div class=\"elementor-widget-wrap elementor-element-populated\">\n\t\t\t\t\t\t<div class=\"elementor-element elementor-element-75a90552 elementor-widget elementor-widget-text-editor\" data-id=\"75a90552\" data-element_type=\"widget\" data-widget_type=\"text-editor.default\">\n\t\t\t\t<div class=\"elementor-widget-container\">\n\t\t\t\t\t\t\t\t\t<p><strong>Preise, Versandkosten und Lieferinformationen<\/strong><\/p><p><strong>\u00a0<\/strong><\/p><p>Die auf den Produktseiten genannten Preise enthalten die gesetzliche Mehrwertsteuer und sonstige Preisbestandteile.<\/p><p>Wir liefern nur innerhalb \u00d6sterreichs.<\/p><p>Zus\u00e4tzlich zu den angegebenen Preisen berechnen wir f\u00fcr die Lieferung innerhalb \u00d6sterreich die Versandkosten\u00a0 pauschal. Die Versandkosten werden Ihnen im Warenkorbsystem und auf der Bestellseite nochmals deutlich mitgeteilt.<\/p><p>F\u00fcr digitale Inhalte (E-Books, Software, etc.) fallen keine Versandkosten an.<\/p><p>Die Versandkostenpauschale betr\u00e4gt 15 Euro. Die Versandkostenpauschale enth\u00e4lt die gesetzliche Mehrwertsteuer. Da die Mehrwertsteuer auf die Versandkostenpauschale abh\u00e4ngig von den erworbenen Waren berechnet wird, kann sie sich mindern, wenn Waren zu niedrigeren Umsatzsteuers\u00e4tzen erworben werden (z.B. bei Erwerb von B\u00fcchern). Das bedeutet, dass die Versandkostenpauschale erst im Rahmen des Bestellprozesses endg\u00fcltig berechnet werden kann.<\/p>\t\t\t\t\t\t\t\t<\/div>\n\t\t\t\t<\/div>\n\t\t\t\t\t<\/div>\n\t\t<\/div>\n\t\t\t\t\t<\/div>\n\t\t<\/section>\n\t\t\t\t<\/div>\n\t\t","protected":false},"excerpt":{"rendered":"<p>Preise, Versandkosten und Lieferinformationen \u00a0 Die auf den Produktseiten genannten Preise enthalten die gesetzliche Mehrwertsteuer und sonstige Preisbestandteile. Wir liefern nur innerhalb [&hellip;]<\/p>\n","protected":false},"author":2,"featured_media":0,"parent":0,"menu_order":0,"comment_status":"closed","ping_status":"closed","template":"elementor_header_footer","meta":{"footnotes":""},"class_list":["post-791","page","type-page","status-publish","hentry"],"yoast_head":"<!-- This site is optimized with the Yoast SEO Premium plugin v19.0 (Yoast SEO v26.6) - https:\/\/yoast.com\/wordpress\/plugins\/seo\/ -->\n<title>Versand &amp; Lieferung - Haberl Elektrotechnik<\/title>\n<meta name=\"robots\" content=\"index, follow, max-snippet:-1, max-image-preview:large, max-video-preview:-1\" \/>\n<link rel=\"canonical\" href=\"https:\/\/elektrotechnik-haberl.at\/index.php\/versand__lieferung\/\" \/>\n<meta property=\"og:locale\" content=\"de_DE\" \/>\n<meta property=\"og:type\" content=\"article\" \/>\n<meta property=\"og:title\" content=\"Versand &amp; Lieferung\" \/>\n<meta property=\"og:description\" content=\"Preise, Versandkosten und Lieferinformationen \u00a0 Die auf den Produktseiten genannten Preise enthalten die gesetzliche Mehrwertsteuer und sonstige Preisbestandteile. Wir liefern nur innerhalb [&hellip;]\" \/>\n<meta property=\"og:url\" content=\"https:\/\/elektrotechnik-haberl.at\/index.php\/versand__lieferung\/\" \/>\n<meta property=\"og:site_name\" content=\"Haberl Elektrotechnik\" \/>\n<meta property=\"article:modified_time\" content=\"2021-01-14T12:17:49+00:00\" \/>\n<meta name=\"twitter:card\" content=\"summary_large_image\" \/>\n<meta name=\"twitter:label1\" content=\"Gesch\u00e4tzte Lesezeit\" \/>\n\t<meta name=\"twitter:data1\" content=\"1\u00a0Minute\" \/>\n<script type=\"application\/ld+json\" class=\"yoast-schema-graph\">{\"@context\":\"https:\/\/schema.org\",\"@graph\":[{\"@type\":\"WebPage\",\"@id\":\"https:\/\/elektrotechnik-haberl.at\/index.php\/versand__lieferung\/\",\"url\":\"https:\/\/elektrotechnik-haberl.at\/index.php\/versand__lieferung\/\",\"name\":\"Versand & Lieferung - Haberl Elektrotechnik\",\"isPartOf\":{\"@id\":\"https:\/\/elektrotechnik-haberl.at\/#website\"},\"datePublished\":\"2020-11-17T11:17:46+00:00\",\"dateModified\":\"2021-01-14T12:17:49+00:00\",\"breadcrumb\":{\"@id\":\"https:\/\/elektrotechnik-haberl.at\/index.php\/versand__lieferung\/#breadcrumb\"},\"inLanguage\":\"de\",\"potentialAction\":[{\"@type\":\"ReadAction\",\"target\":[\"https:\/\/elektrotechnik-haberl.at\/index.php\/versand__lieferung\/\"]}]},{\"@type\":\"BreadcrumbList\",\"@id\":\"https:\/\/elektrotechnik-haberl.at\/index.php\/versand__lieferung\/#breadcrumb\",\"itemListElement\":[{\"@type\":\"ListItem\",\"position\":1,\"name\":\"Home\",\"item\":\"https:\/\/elektrotechnik-haberl.at\/\"},{\"@type\":\"ListItem\",\"position\":2,\"name\":\"Versand &#038; Lieferung\"}]},{\"@type\":\"WebSite\",\"@id\":\"https:\/\/elektrotechnik-haberl.at\/#website\",\"url\":\"https:\/\/elektrotechnik-haberl.at\/\",\"name\":\"Haberl Elektrotechnik\",\"description\":\"Ihr Elektriker im Bezirk Sch\u00e4rding\",\"potentialAction\":[{\"@type\":\"SearchAction\",\"target\":{\"@type\":\"EntryPoint\",\"urlTemplate\":\"https:\/\/elektrotechnik-haberl.at\/?s={search_term_string}\"},\"query-input\":{\"@type\":\"PropertyValueSpecification\",\"valueRequired\":true,\"valueName\":\"search_term_string\"}}],\"inLanguage\":\"de\"}]}<\/script>\n<!-- \/ Yoast SEO Premium plugin. -->","yoast_head_json":{"title":"Versand & Lieferung - Haberl Elektrotechnik","robots":{"index":"index","follow":"follow","max-snippet":"max-snippet:-1","max-image-preview":"max-image-preview:large","max-video-preview":"max-video-preview:-1"},"canonical":"https:\/\/elektrotechnik-haberl.at\/index.php\/versand__lieferung\/","og_locale":"de_DE","og_type":"article","og_title":"Versand & Lieferung","og_description":"Preise, Versandkosten und Lieferinformationen \u00a0 Die auf den Produktseiten genannten Preise enthalten die gesetzliche Mehrwertsteuer und sonstige Preisbestandteile. Wir liefern nur innerhalb [&hellip;]","og_url":"https:\/\/elektrotechnik-haberl.at\/index.php\/versand__lieferung\/","og_site_name":"Haberl Elektrotechnik","article_modified_time":"2021-01-14T12:17:49+00:00","twitter_card":"summary_large_image","twitter_misc":{"Gesch\u00e4tzte Lesezeit":"1\u00a0Minute"},"schema":{"@context":"https:\/\/schema.org","@graph":[{"@type":"WebPage","@id":"https:\/\/elektrotechnik-haberl.at\/index.php\/versand__lieferung\/","url":"https:\/\/elektrotechnik-haberl.at\/index.php\/versand__lieferung\/","name":"Versand & Lieferung - Haberl Elektrotechnik","isPartOf":{"@id":"https:\/\/elektrotechnik-haberl.at\/#website"},"datePublished":"2020-11-17T11:17:46+00:00","dateModified":"2021-01-14T12:17:49+00:00","breadcrumb":{"@id":"https:\/\/elektrotechnik-haberl.at\/index.php\/versand__lieferung\/#breadcrumb"},"inLanguage":"de","potentialAction":[{"@type":"ReadAction","target":["https:\/\/elektrotechnik-haberl.at\/index.php\/versand__lieferung\/"]}]},{"@type":"BreadcrumbList","@id":"https:\/\/elektrotechnik-haberl.at\/index.php\/versand__lieferung\/#breadcrumb","itemListElement":[{"@type":"ListItem","position":1,"name":"Home","item":"https:\/\/elektrotechnik-haberl.at\/"},{"@type":"ListItem","position":2,"name":"Versand &#038; Lieferung"}]},{"@type":"WebSite","@id":"https:\/\/elektrotechnik-haberl.at\/#website","url":"https:\/\/elektrotechnik-haberl.at\/","name":"Haberl Elektrotechnik","description":"Ihr Elektriker im Bezirk Sch\u00e4rding","potentialAction":[{"@type":"SearchAction","target":{"@type":"EntryPoint","urlTemplate":"https:\/\/elektrotechnik-haberl.at\/?s={search_term_string}"},"query-input":{"@type":"PropertyValueSpecification","valueRequired":true,"valueName":"search_term_string"}}],"inLanguage":"de"}]}},"_links":{"self":[{"href":"https:\/\/elektrotechnik-haberl.at\/index.php\/wp-json\/wp\/v2\/pages\/791","targetHints":{"allow":["GET"]}}],"collection":[{"href":"https:\/\/elektrotechnik-haberl.at\/index.php\/wp-json\/wp\/v2\/pages"}],"about":[{"href":"https:\/\/elektrotechnik-haberl.at\/index.php\/wp-json\/wp\/v2\/types\/page"}],"author":[{"embeddable":true,"href":"https:\/\/elektrotechnik-haberl.at\/index.php\/wp-json\/wp\/v2\/users\/2"}],"replies":[{"embeddable":true,"href":"https:\/\/elektrotechnik-haberl.at\/index.php\/wp-json\/wp\/v2\/comments?post=791"}],"version-history":[{"count":13,"href":"https:\/\/elektrotechnik-haberl.at\/index.php\/wp-json\/wp\/v2\/pages\/791\/revisions"}],"predecessor-version":[{"id":897,"href":"https:\/\/elektrotechnik-haberl.at\/index.php\/wp-json\/wp\/v2\/pages\/791\/revisions\/897"}],"wp:attachment":[{"href":"https:\/\/elektrotechnik-haberl.at\/index.php\/wp-json\/wp\/v2\/media?parent=791"}],"curies":[{"name":"wp","href":"https:\/\/api.w.org\/{rel}","templated":true}]}}