{"id":816,"date":"2020-11-23T13:14:59","date_gmt":"2020-11-23T13:14:59","guid":{"rendered":"https:\/\/elektrotechnik-haberl.at\/?post_type=product&#038;p=816"},"modified":"2021-01-14T11:59:13","modified_gmt":"2021-01-14T11:59:13","slug":"knx-praesenzmelder-gira","status":"publish","type":"product","link":"https:\/\/elektrotechnik-haberl.at\/index.php\/product\/knx-praesenzmelder-gira\/","title":{"rendered":"Gira KNX Pr\u00e4senzmelder Komfort"},"content":{"rendered":"","protected":false},"excerpt":{"rendered":"<p>Der Gira KNX Pr\u00e4senzmelder wird zur Anwesenheits\u00fcberwachung und zur Bewegungserkennung in Innenr\u00e4umen eingesetzt. Er verf\u00fcgt \u00fcber eine integrierte Busankopplung, drei digitale PIR-Sensoren und ist mit einem Helligkeitssensor ausgestattet. Der Gira KNX Pr\u00e4senzmelder kann wahlweise als Einzelger\u00e4t, Hauptstelle oder Nebenstelle eingesetzt werden und erm\u00f6glicht eine voll- oder halbautomatische Beleuchtungssteuerung.<\/p>\n<p>Farbe: Reinwei\u00df<\/p>\n","protected":false},"featured_media":817,"comment_status":"open","ping_status":"closed","template":"","meta":[],"product_brand":[],"product_cat":[242],"product_tag":[],"class_list":{"0":"post-816","1":"product","2":"type-product","3":"status-publish","4":"has-post-thumbnail","6":"product_cat-elektroinstallation","8":"first","9":"instock","10":"taxable","11":"shipping-taxable","12":"purchasable","13":"product-type-simple"},"yoast_head":"<!-- This site is optimized with the Yoast SEO Premium plugin v19.0 (Yoast SEO v26.6) - https:\/\/yoast.com\/wordpress\/plugins\/seo\/ -->\n<title>Gira KNX Pr\u00e4senzmelder Komfort - Haberl Elektrotechnik<\/title>\n<meta name=\"robots\" content=\"index, follow, max-snippet:-1, max-image-preview:large, max-video-preview:-1\" \/>\n<link rel=\"canonical\" href=\"https:\/\/elektrotechnik-haberl.at\/index.php\/product\/knx-praesenzmelder-gira\/\" \/>\n<meta property=\"og:locale\" content=\"de_DE\" \/>\n<meta property=\"og:type\" content=\"article\" \/>\n<meta property=\"og:title\" content=\"Gira KNX Pr\u00e4senzmelder Komfort\" \/>\n<meta property=\"og:description\" content=\"Der Gira KNX Pr\u00e4senzmelder wird zur Anwesenheits\u00fcberwachung und zur Bewegungserkennung in Innenr\u00e4umen eingesetzt. Er verf\u00fcgt \u00fcber eine integrierte Busankopplung, drei digitale PIR-Sensoren und ist mit einem Helligkeitssensor ausgestattet. Der Gira KNX Pr\u00e4senzmelder kann wahlweise als Einzelger\u00e4t, Hauptstelle oder Nebenstelle eingesetzt werden und erm\u00f6glicht eine voll- oder halbautomatische Beleuchtungssteuerung.  Farbe: Reinwei\u00df\" \/>\n<meta property=\"og:url\" content=\"https:\/\/elektrotechnik-haberl.at\/index.php\/product\/knx-praesenzmelder-gira\/\" \/>\n<meta property=\"og:site_name\" content=\"Haberl Elektrotechnik\" \/>\n<meta property=\"article:modified_time\" content=\"2021-01-14T11:59:13+00:00\" \/>\n<meta property=\"og:image\" content=\"https:\/\/elektrotechnik-haberl.at\/wp-content\/uploads\/2020\/11\/knx_praesenzmelder_900px_5555_1355130130.jpg\" \/>\n\t<meta property=\"og:image:width\" content=\"900\" \/>\n\t<meta property=\"og:image:height\" content=\"480\" \/>\n\t<meta property=\"og:image:type\" content=\"image\/jpeg\" \/>\n<meta name=\"twitter:card\" content=\"summary_large_image\" \/>\n<script type=\"application\/ld+json\" class=\"yoast-schema-graph\">{\"@context\":\"https:\/\/schema.org\",\"@graph\":[{\"@type\":\"WebPage\",\"@id\":\"https:\/\/elektrotechnik-haberl.at\/index.php\/product\/knx-praesenzmelder-gira\/\",\"url\":\"https:\/\/elektrotechnik-haberl.at\/index.php\/product\/knx-praesenzmelder-gira\/\",\"name\":\"Gira KNX Pr\u00e4senzmelder Komfort - Haberl Elektrotechnik\",\"isPartOf\":{\"@id\":\"https:\/\/elektrotechnik-haberl.at\/#website\"},\"primaryImageOfPage\":{\"@id\":\"https:\/\/elektrotechnik-haberl.at\/index.php\/product\/knx-praesenzmelder-gira\/#primaryimage\"},\"image\":{\"@id\":\"https:\/\/elektrotechnik-haberl.at\/index.php\/product\/knx-praesenzmelder-gira\/#primaryimage\"},\"thumbnailUrl\":\"https:\/\/elektrotechnik-haberl.at\/wp-content\/uploads\/2020\/11\/knx_praesenzmelder_900px_5555_1355130130.jpg\",\"datePublished\":\"2020-11-23T13:14:59+00:00\",\"dateModified\":\"2021-01-14T11:59:13+00:00\",\"breadcrumb\":{\"@id\":\"https:\/\/elektrotechnik-haberl.at\/index.php\/product\/knx-praesenzmelder-gira\/#breadcrumb\"},\"inLanguage\":\"de\",\"potentialAction\":[{\"@type\":\"ReadAction\",\"target\":[\"https:\/\/elektrotechnik-haberl.at\/index.php\/product\/knx-praesenzmelder-gira\/\"]}]},{\"@type\":\"ImageObject\",\"inLanguage\":\"de\",\"@id\":\"https:\/\/elektrotechnik-haberl.at\/index.php\/product\/knx-praesenzmelder-gira\/#primaryimage\",\"url\":\"https:\/\/elektrotechnik-haberl.at\/wp-content\/uploads\/2020\/11\/knx_praesenzmelder_900px_5555_1355130130.jpg\",\"contentUrl\":\"https:\/\/elektrotechnik-haberl.at\/wp-content\/uploads\/2020\/11\/knx_praesenzmelder_900px_5555_1355130130.jpg\",\"width\":900,\"height\":480},{\"@type\":\"BreadcrumbList\",\"@id\":\"https:\/\/elektrotechnik-haberl.at\/index.php\/product\/knx-praesenzmelder-gira\/#breadcrumb\",\"itemListElement\":[{\"@type\":\"ListItem\",\"position\":1,\"name\":\"Home\",\"item\":\"https:\/\/elektrotechnik-haberl.at\/\"},{\"@type\":\"ListItem\",\"position\":2,\"name\":\"Shop\",\"item\":\"https:\/\/elektrotechnik-haberl.at\/index.php\/shop\/\"},{\"@type\":\"ListItem\",\"position\":3,\"name\":\"Gira KNX Pr\u00e4senzmelder Komfort\"}]},{\"@type\":\"WebSite\",\"@id\":\"https:\/\/elektrotechnik-haberl.at\/#website\",\"url\":\"https:\/\/elektrotechnik-haberl.at\/\",\"name\":\"Haberl Elektrotechnik\",\"description\":\"Ihr Elektriker im Bezirk Sch\u00e4rding\",\"potentialAction\":[{\"@type\":\"SearchAction\",\"target\":{\"@type\":\"EntryPoint\",\"urlTemplate\":\"https:\/\/elektrotechnik-haberl.at\/?s={search_term_string}\"},\"query-input\":{\"@type\":\"PropertyValueSpecification\",\"valueRequired\":true,\"valueName\":\"search_term_string\"}}],\"inLanguage\":\"de\"}]}<\/script>\n<!-- \/ Yoast SEO Premium plugin. -->","yoast_head_json":{"title":"Gira KNX Pr\u00e4senzmelder Komfort - Haberl Elektrotechnik","robots":{"index":"index","follow":"follow","max-snippet":"max-snippet:-1","max-image-preview":"max-image-preview:large","max-video-preview":"max-video-preview:-1"},"canonical":"https:\/\/elektrotechnik-haberl.at\/index.php\/product\/knx-praesenzmelder-gira\/","og_locale":"de_DE","og_type":"article","og_title":"Gira KNX Pr\u00e4senzmelder Komfort","og_description":"Der Gira KNX Pr\u00e4senzmelder wird zur Anwesenheits\u00fcberwachung und zur Bewegungserkennung in Innenr\u00e4umen eingesetzt. Er verf\u00fcgt \u00fcber eine integrierte Busankopplung, drei digitale PIR-Sensoren und ist mit einem Helligkeitssensor ausgestattet. Der Gira KNX Pr\u00e4senzmelder kann wahlweise als Einzelger\u00e4t, Hauptstelle oder Nebenstelle eingesetzt werden und erm\u00f6glicht eine voll- oder halbautomatische Beleuchtungssteuerung.  Farbe: Reinwei\u00df","og_url":"https:\/\/elektrotechnik-haberl.at\/index.php\/product\/knx-praesenzmelder-gira\/","og_site_name":"Haberl Elektrotechnik","article_modified_time":"2021-01-14T11:59:13+00:00","og_image":[{"width":900,"height":480,"url":"https:\/\/elektrotechnik-haberl.at\/wp-content\/uploads\/2020\/11\/knx_praesenzmelder_900px_5555_1355130130.jpg","type":"image\/jpeg"}],"twitter_card":"summary_large_image","schema":{"@context":"https:\/\/schema.org","@graph":[{"@type":"WebPage","@id":"https:\/\/elektrotechnik-haberl.at\/index.php\/product\/knx-praesenzmelder-gira\/","url":"https:\/\/elektrotechnik-haberl.at\/index.php\/product\/knx-praesenzmelder-gira\/","name":"Gira KNX Pr\u00e4senzmelder Komfort - Haberl Elektrotechnik","isPartOf":{"@id":"https:\/\/elektrotechnik-haberl.at\/#website"},"primaryImageOfPage":{"@id":"https:\/\/elektrotechnik-haberl.at\/index.php\/product\/knx-praesenzmelder-gira\/#primaryimage"},"image":{"@id":"https:\/\/elektrotechnik-haberl.at\/index.php\/product\/knx-praesenzmelder-gira\/#primaryimage"},"thumbnailUrl":"https:\/\/elektrotechnik-haberl.at\/wp-content\/uploads\/2020\/11\/knx_praesenzmelder_900px_5555_1355130130.jpg","datePublished":"2020-11-23T13:14:59+00:00","dateModified":"2021-01-14T11:59:13+00:00","breadcrumb":{"@id":"https:\/\/elektrotechnik-haberl.at\/index.php\/product\/knx-praesenzmelder-gira\/#breadcrumb"},"inLanguage":"de","potentialAction":[{"@type":"ReadAction","target":["https:\/\/elektrotechnik-haberl.at\/index.php\/product\/knx-praesenzmelder-gira\/"]}]},{"@type":"ImageObject","inLanguage":"de","@id":"https:\/\/elektrotechnik-haberl.at\/index.php\/product\/knx-praesenzmelder-gira\/#primaryimage","url":"https:\/\/elektrotechnik-haberl.at\/wp-content\/uploads\/2020\/11\/knx_praesenzmelder_900px_5555_1355130130.jpg","contentUrl":"https:\/\/elektrotechnik-haberl.at\/wp-content\/uploads\/2020\/11\/knx_praesenzmelder_900px_5555_1355130130.jpg","width":900,"height":480},{"@type":"BreadcrumbList","@id":"https:\/\/elektrotechnik-haberl.at\/index.php\/product\/knx-praesenzmelder-gira\/#breadcrumb","itemListElement":[{"@type":"ListItem","position":1,"name":"Home","item":"https:\/\/elektrotechnik-haberl.at\/"},{"@type":"ListItem","position":2,"name":"Shop","item":"https:\/\/elektrotechnik-haberl.at\/index.php\/shop\/"},{"@type":"ListItem","position":3,"name":"Gira KNX Pr\u00e4senzmelder Komfort"}]},{"@type":"WebSite","@id":"https:\/\/elektrotechnik-haberl.at\/#website","url":"https:\/\/elektrotechnik-haberl.at\/","name":"Haberl Elektrotechnik","description":"Ihr Elektriker im Bezirk Sch\u00e4rding","potentialAction":[{"@type":"SearchAction","target":{"@type":"EntryPoint","urlTemplate":"https:\/\/elektrotechnik-haberl.at\/?s={search_term_string}"},"query-input":{"@type":"PropertyValueSpecification","valueRequired":true,"valueName":"search_term_string"}}],"inLanguage":"de"}]}},"_links":{"self":[{"href":"https:\/\/elektrotechnik-haberl.at\/index.php\/wp-json\/wp\/v2\/product\/816","targetHints":{"allow":["GET"]}}],"collection":[{"href":"https:\/\/elektrotechnik-haberl.at\/index.php\/wp-json\/wp\/v2\/product"}],"about":[{"href":"https:\/\/elektrotechnik-haberl.at\/index.php\/wp-json\/wp\/v2\/types\/product"}],"replies":[{"embeddable":true,"href":"https:\/\/elektrotechnik-haberl.at\/index.php\/wp-json\/wp\/v2\/comments?post=816"}],"wp:featuredmedia":[{"embeddable":true,"href":"https:\/\/elektrotechnik-haberl.at\/index.php\/wp-json\/wp\/v2\/media\/817"}],"wp:attachment":[{"href":"https:\/\/elektrotechnik-haberl.at\/index.php\/wp-json\/wp\/v2\/media?parent=816"}],"wp:term":[{"taxonomy":"product_brand","embeddable":true,"href":"https:\/\/elektrotechnik-haberl.at\/index.php\/wp-json\/wp\/v2\/product_brand?post=816"},{"taxonomy":"product_cat","embeddable":true,"href":"https:\/\/elektrotechnik-haberl.at\/index.php\/wp-json\/wp\/v2\/product_cat?post=816"},{"taxonomy":"product_tag","embeddable":true,"href":"https:\/\/elektrotechnik-haberl.at\/index.php\/wp-json\/wp\/v2\/product_tag?post=816"}],"curies":[{"name":"wp","href":"https:\/\/api.w.org\/{rel}","templated":true}]}}